{"id":538,"date":"2025-06-27T22:06:25","date_gmt":"2025-06-27T22:06:25","guid":{"rendered":"https:\/\/orlando-consulting.de\/?page_id=538"},"modified":"2025-11-12T07:26:10","modified_gmt":"2025-11-12T07:26:10","slug":"willkommen_2","status":"publish","type":"page","link":"https:\/\/orlando-consulting.de\/","title":{"rendered":"Willkommen"},"content":{"rendered":"\n<div class=\"wp-block-columns links-home customsection calibri_font is-layout-flex wp-container-core-columns-is-layout-28f84493 wp-block-columns-is-layout-flex\">\n<div class=\"wp-block-column is-layout-flow wp-block-column-is-layout-flow\" style=\"padding-top:var(--wp--preset--spacing--10);padding-bottom:var(--wp--preset--spacing--10);flex-basis:26.67%\">\n<p style=\"font-size:clamp(1.25rem, 1.25rem + ((1vw - 0.2rem) * 1.25), 2rem);font-style:normal;font-weight:600\"><\/p>\n<\/div>\n\n\n\n<div class=\"wp-block-column is-layout-flow wp-block-column-is-layout-flow\" style=\"padding-top:24px;padding-bottom:24px;flex-basis:50%\">\n<p class=\"has-large-font-size\" style=\"line-height:1.4\"><strong>Von der Strategie \u00fcber Organisation<\/strong> <strong>zum motivierten und effizienten Team<\/strong><\/p>\n\n\n\n<p>Zur Optimierung von Strategie, Organisation und Leistungsf\u00e4higkeit ihrer Teams hei\u00dfen wir F\u00fchrungskr\u00e4fte herzlich willkommen.<\/p>\n\n\n\n<p>Seit 30 Jahren helfen wir, diese drei S\u00e4ulen der Unternehmensf\u00fchrung in Kundenunternehmen zu etablieren oder zu verbessern.<\/p>\n\n\n\n<p>Manchmal sind die bestehenden Situationen komplex. Deshalb bieten wir gerne an, Ihre spezifischen W\u00fcnsche im Vorfeld unverbindlich zu besprechen.<\/p>\n\n\n\n<p class=\"has-text-align-right\">Roland und Tatjana Stahl<\/p>\n<\/div>\n\n\n\n<div class=\"wp-block-column is-layout-flow wp-container-core-column-is-layout-8a18ec3d wp-block-column-is-layout-flow\" style=\"padding-top:1.3rem;padding-right:var(--wp--preset--spacing--30);padding-bottom:1.3rem;padding-left:var(--wp--preset--spacing--20);flex-basis:25%\"><\/div>\n<\/div>\n\n\n\n<div style=\"height:27px\" aria-hidden=\"true\" class=\"wp-block-spacer\"><\/div>\n\n\n\n<div class=\"wp-block-columns links-home customsection calibri_font is-layout-flex wp-container-core-columns-is-layout-28f84493 wp-block-columns-is-layout-flex\">\n<div class=\"wp-block-column is-layout-flow wp-block-column-is-layout-flow\" style=\"padding-top:var(--wp--preset--spacing--10);padding-bottom:var(--wp--preset--spacing--10);flex-basis:26.67%\">\n<p style=\"font-size:clamp(1.25rem, 1.25rem + ((1vw - 0.2rem) * 1.25), 2rem);font-style:normal;font-weight:600;line-height:1.2\">Strategisches Planen<\/p>\n\n\n\n<p style=\"font-size:clamp(1.25rem, 1.25rem + ((1vw - 0.2rem) * 1.25), 2rem);font-style:normal;font-weight:600\"><img loading=\"lazy\" decoding=\"async\" width=\"200\" height=\"136\" class=\"wp-image-694\" style=\"width: 200px;\" src=\"https:\/\/orlando-consulting.de\/wp-content\/uploads\/2025\/10\/strat3.jpg\" alt=\"\"><\/p>\n<\/div>\n\n\n\n<div class=\"wp-block-column is-layout-flow wp-block-column-is-layout-flow\" style=\"padding-top:24px;padding-bottom:24px;flex-basis:50%\">\n<p>Die Unternehmensstrategie ist f\u00fcr gesunde Nachfrage verantwortlich. <\/p>\n\n\n\n<p>Sie hat Priorit\u00e4t gegen\u00fcber L\u00f6sungen zu den Alltagsproblemen.<\/p>\n\n\n\n<p>Eine gute Strategie baut die St\u00e4rke eines Unternehmens auf, eine schlechte f\u00fchrt dazu, dass jeden Tag ein paar Probleme hinzukommen!<\/p>\n\n\n\n<p>Wo st\u00e4ndiges Spontan-Management alles Handeln diktiert, fehlt solides strategisches Planen.<\/p>\n\n\n\n<p><a href=\"https:\/\/orlando-consulting.de\/index.php\/strategie\/\" data-type=\"page\" data-id=\"15\">mehr<\/a><\/p>\n\n\n\n<p><\/p>\n<\/div>\n\n\n\n<div class=\"wp-block-column is-layout-flow wp-container-core-column-is-layout-8a18ec3d wp-block-column-is-layout-flow\" style=\"padding-top:1.3rem;padding-right:var(--wp--preset--spacing--30);padding-bottom:1.3rem;padding-left:var(--wp--preset--spacing--20);flex-basis:25%\"><\/div>\n<\/div>\n\n\n\n<div class=\"wp-block-columns links-home customsection calibri_font is-layout-flex wp-container-core-columns-is-layout-28f84493 wp-block-columns-is-layout-flex\">\n<div class=\"wp-block-column is-layout-flow wp-block-column-is-layout-flow\" style=\"padding-top:var(--wp--preset--spacing--10);padding-bottom:var(--wp--preset--spacing--10);flex-basis:26.67%\">\n<p style=\"font-size:clamp(1.25rem, 1.25rem + ((1vw - 0.2rem) * 1.25), 2rem);font-style:normal;font-weight:600;line-height:1.2\"><strong>Organisation<\/strong> und F\u00fchrung<\/p>\n\n\n\n<p style=\"font-size:clamp(1.25rem, 1.25rem + ((1vw - 0.2rem) * 1.25), 2rem);font-style:normal;font-weight:600\"><img loading=\"lazy\" decoding=\"async\" width=\"200\" height=\"136\" class=\"wp-image-696\" style=\"width: 200px;\" src=\"https:\/\/orlando-consulting.de\/wp-content\/uploads\/2025\/10\/orga3.jpg\" alt=\"\"><\/p>\n<\/div>\n\n\n\n<div class=\"wp-block-column is-layout-flow wp-block-column-is-layout-flow\" style=\"padding-top:24px;padding-bottom:24px;flex-basis:50%\">\n<p>Mangel an Koordination f\u00fchrt zu mehr Fehlern. Und wo Fehler passieren, m\u00fcssen sie auch in Ordnung gebracht werden. So entsteht Zeitdruck und \u00c4rger. Und so sieht bei unzureichender Organisation der steinige Weg zu Ergebnissen aus.<\/p>\n\n\n\n<p>Passende Organisation und Ordnung, die von allen getragen wird, muss Pr\u00e4misse sein, um Geplantes zeitgerecht umsetzen und Ziele erreichen zu k\u00f6nnen.<\/p>\n\n\n\n<p><a href=\"https:\/\/orlando-consulting.de\/index.php\/organisation\/\">mehr<\/a><\/p>\n\n\n\n<p><\/p>\n<\/div>\n\n\n\n<div class=\"wp-block-column is-layout-flow wp-container-core-column-is-layout-8a18ec3d wp-block-column-is-layout-flow\" style=\"padding-top:1.3rem;padding-right:var(--wp--preset--spacing--30);padding-bottom:1.3rem;padding-left:var(--wp--preset--spacing--20);flex-basis:25%\"><\/div>\n<\/div>\n\n\n\n<div class=\"wp-block-columns links-home customsection calibri_font is-layout-flex wp-container-core-columns-is-layout-28f84493 wp-block-columns-is-layout-flex\">\n<div class=\"wp-block-column is-layout-flow wp-block-column-is-layout-flow\" style=\"padding-top:var(--wp--preset--spacing--10);padding-bottom:var(--wp--preset--spacing--10);flex-basis:26.67%\">\n<p style=\"font-size:clamp(1.25rem, 1.25rem + ((1vw - 0.2rem) * 1.25), 2rem);font-style:normal;font-weight:600;line-height:1.2\"><strong>Motivation<\/strong><\/p>\n\n\n\n<p style=\"font-size:clamp(1.25rem, 1.25rem + ((1vw - 0.2rem) * 1.25), 2rem);font-style:normal;font-weight:600\"><img loading=\"lazy\" decoding=\"async\" width=\"200\" height=\"136\" class=\"wp-image-695\" style=\"width: 200px;\" src=\"https:\/\/orlando-consulting.de\/wp-content\/uploads\/2025\/10\/mot3.jpg\" alt=\"\"><\/p>\n<\/div>\n\n\n\n<div class=\"wp-block-column is-layout-flow wp-block-column-is-layout-flow\" style=\"padding-top:24px;padding-bottom:24px;flex-basis:50%\">\n<p>Motivation ist eigenes pers\u00f6nliches Interesse, Dinge zustande zu bringen! Sie kann nicht aus falscher Beeinflussung entstehen und sie l\u00e4sst sich auch nicht diktieren.<\/p>\n\n\n\n<p>Leider macht die Motivation gelegentlich schlapp!<\/p>\n\n\n\n<p><a href=\"https:\/\/orlando-consulting.de\/index.php\/motivation\/\">mehr<\/a><\/p>\n\n\n\n<p><\/p>\n\n\n\n<p><\/p>\n<\/div>\n\n\n\n<div class=\"wp-block-column is-layout-flow wp-container-core-column-is-layout-8a18ec3d wp-block-column-is-layout-flow\" style=\"padding-top:1.3rem;padding-right:var(--wp--preset--spacing--30);padding-bottom:1.3rem;padding-left:var(--wp--preset--spacing--20);flex-basis:25%\"><\/div>\n<\/div>\n\n\n\n<div style=\"height:20px\" aria-hidden=\"true\" class=\"wp-block-spacer\"><\/div>\n\n\n\n<p><\/p>\n","protected":false},"excerpt":{"rendered":"<p>Von der Strategie \u00fcber Organisation zum motivierten und effizienten Team Zur Optimierung von Strategie, Organisation und Leistungsf\u00e4higkeit ihrer Teams hei\u00dfen wir F\u00fchrungskr\u00e4fte herzlich willkommen. Seit 30 Jahren helfen wir, diese drei S\u00e4ulen der Unternehmensf\u00fchrung in Kundenunternehmen zu etablieren oder zu verbessern. Manchmal sind die bestehenden Situationen komplex. Deshalb bieten wir gerne an, Ihre spezifischen W\u00fcnsche [&hellip;]<\/p>\n","protected":false},"author":3,"featured_media":0,"parent":0,"menu_order":0,"comment_status":"closed","ping_status":"closed","template":"","meta":{"footnotes":""},"class_list":["post-538","page","type-page","status-publish","hentry"],"_links":{"self":[{"href":"https:\/\/orlando-consulting.de\/index.php\/wp-json\/wp\/v2\/pages\/538","targetHints":{"allow":["GET"]}}],"collection":[{"href":"https:\/\/orlando-consulting.de\/index.php\/wp-json\/wp\/v2\/pages"}],"about":[{"href":"https:\/\/orlando-consulting.de\/index.php\/wp-json\/wp\/v2\/types\/page"}],"author":[{"embeddable":true,"href":"https:\/\/orlando-consulting.de\/index.php\/wp-json\/wp\/v2\/users\/3"}],"replies":[{"embeddable":true,"href":"https:\/\/orlando-consulting.de\/index.php\/wp-json\/wp\/v2\/comments?post=538"}],"version-history":[{"count":29,"href":"https:\/\/orlando-consulting.de\/index.php\/wp-json\/wp\/v2\/pages\/538\/revisions"}],"predecessor-version":[{"id":728,"href":"https:\/\/orlando-consulting.de\/index.php\/wp-json\/wp\/v2\/pages\/538\/revisions\/728"}],"wp:attachment":[{"href":"https:\/\/orlando-consulting.de\/index.php\/wp-json\/wp\/v2\/media?parent=538"}],"curies":[{"name":"wp","href":"https:\/\/api.w.org\/{rel}","templated":true}]}}