{"id":509,"date":"2025-06-27T13:47:31","date_gmt":"2025-06-27T13:47:31","guid":{"rendered":"https:\/\/orlando-consulting.de\/?page_id=509"},"modified":"2025-11-12T07:16:09","modified_gmt":"2025-11-12T07:16:09","slug":"ueber-uns","status":"publish","type":"page","link":"https:\/\/orlando-consulting.de\/index.php\/ueber-uns\/","title":{"rendered":"\u00dcber uns"},"content":{"rendered":"\n<div class=\"wp-block-columns links-home customsection calibri_font is-layout-flex wp-container-core-columns-is-layout-28f84493 wp-block-columns-is-layout-flex\">\n<div class=\"wp-block-column is-layout-flow wp-block-column-is-layout-flow\" style=\"padding-top:var(--wp--preset--spacing--10);padding-bottom:var(--wp--preset--spacing--10);flex-basis:26.67%\">\n<p style=\"font-size:clamp(1.25rem, 1.25rem + ((1vw - 0.2rem) * 1.25), 2rem);font-style:normal;font-weight:600\">\u00dcber uns<\/p>\n<\/div>\n\n\n\n<div class=\"wp-block-column is-layout-flow wp-block-column-is-layout-flow\" style=\"padding-top:23px;padding-bottom:23px;flex-basis:50%\">\n<figure class=\"wp-block-image size-full\"><img loading=\"lazy\" decoding=\"async\" width=\"1000\" height=\"644\" src=\"https:\/\/orlando-consulting.de\/wp-content\/uploads\/2025\/10\/lecture3.jpg\" alt=\"\" class=\"wp-image-697\" srcset=\"https:\/\/orlando-consulting.de\/wp-content\/uploads\/2025\/10\/lecture3.jpg 1000w, https:\/\/orlando-consulting.de\/wp-content\/uploads\/2025\/10\/lecture3-300x193.jpg 300w, https:\/\/orlando-consulting.de\/wp-content\/uploads\/2025\/10\/lecture3-768x495.jpg 768w\" sizes=\"auto, (max-width: 1000px) 100vw, 1000px\" \/><\/figure>\n\n\n\n<p><strong>Roland Stahl  \u2013  Unternehmensberater mit technischem Blick und 30 Jahren Erfahrung<\/strong><\/p>\n\n\n\n<p>Nach dem Studium der Elektrotechnik mit Schwerpunkt Informatik an der Technischen Universit\u00e4t M\u00fcnchen entwickelte sich bei mir starkes Interesse an Planungs-, Organisations- und F\u00fchrungsthemen, insbesondere an praktischer Umsetzbarkeit.<br>Nach Ausbildung in den USA machte ich mich 1990 als Unternehmensberater selbstst\u00e4ndig. Seitdem beriet ich Unternehmen weltweit \u2013 von Europa \u00fcber die USA bis nach China und Russland. Mein Beratungsstil ist methodisch, l\u00f6sungsorientiert und in der Praxis verankert. F\u00fchrungskr\u00e4fte ben\u00f6tigen f\u00fcr wirtschaftliche Herausforderungen praxiserprobte L\u00f6sungen \u2013 und entsprechend auch f\u00fcr menschliche Probleme des Alltags, wo sie in die Firma bzw. in die Gruppe hineingetragen werden.<\/p>\n\n\n\n<p>Ob in der Strategiefindung, der Organisation oder bei F\u00fchrungsthemen, es geht um Wissen und Fertigkeiten. Dabei hat jedes Kundenunternehmen auch einen eigenen Charakter, der verstanden werden will.<\/p>\n\n\n\n<p>Orlando Consulting vertritt unter anderem ein \u201eManagement by Trend\u201c, das optimale Transparenz liefert, um h\u00f6chst m\u00f6gliche Objektivit\u00e4t und Geschwindigkeit in der Beurteilung von Situationen und um gro\u00dfe Sicherheit in Entscheidungen zu erzielen.<\/p>\n\n\n\n<p>K\u00fcnstliche Intelligenz kann helfen, aber letztendlich ist es der Kunde pers\u00f6nlich, der ohne Unsicherheiten und \u00c4ngste in die Zukunft blicken will. In diesem Sinn kann er sich auf Unterst\u00fctzung verlassen.<\/p>\n\n\n\n<p>Roland Stahl<\/p>\n<\/div>\n\n\n\n<div class=\"wp-block-column is-layout-flow wp-container-core-column-is-layout-cc358d9c wp-block-column-is-layout-flow\" style=\"padding-top:1.3rem;padding-right:var(--wp--preset--spacing--30);padding-bottom:1.3rem;padding-left:var(--wp--preset--spacing--20);flex-basis:25%\"><\/div>\n<\/div>\n\n\n\n<p><\/p>\n","protected":false},"excerpt":{"rendered":"<p>\u00dcber uns Roland Stahl \u2013 Unternehmensberater mit technischem Blick und 30 Jahren Erfahrung Nach dem Studium der Elektrotechnik mit Schwerpunkt Informatik an der Technischen Universit\u00e4t M\u00fcnchen entwickelte sich bei mir starkes Interesse an Planungs-, Organisations- und F\u00fchrungsthemen, insbesondere an praktischer Umsetzbarkeit.Nach Ausbildung in den USA machte ich mich 1990 als Unternehmensberater selbstst\u00e4ndig. Seitdem beriet ich [&hellip;]<\/p>\n","protected":false},"author":3,"featured_media":0,"parent":0,"menu_order":0,"comment_status":"closed","ping_status":"closed","template":"","meta":{"footnotes":""},"class_list":["post-509","page","type-page","status-publish","hentry"],"_links":{"self":[{"href":"https:\/\/orlando-consulting.de\/index.php\/wp-json\/wp\/v2\/pages\/509","targetHints":{"allow":["GET"]}}],"collection":[{"href":"https:\/\/orlando-consulting.de\/index.php\/wp-json\/wp\/v2\/pages"}],"about":[{"href":"https:\/\/orlando-consulting.de\/index.php\/wp-json\/wp\/v2\/types\/page"}],"author":[{"embeddable":true,"href":"https:\/\/orlando-consulting.de\/index.php\/wp-json\/wp\/v2\/users\/3"}],"replies":[{"embeddable":true,"href":"https:\/\/orlando-consulting.de\/index.php\/wp-json\/wp\/v2\/comments?post=509"}],"version-history":[{"count":10,"href":"https:\/\/orlando-consulting.de\/index.php\/wp-json\/wp\/v2\/pages\/509\/revisions"}],"predecessor-version":[{"id":719,"href":"https:\/\/orlando-consulting.de\/index.php\/wp-json\/wp\/v2\/pages\/509\/revisions\/719"}],"wp:attachment":[{"href":"https:\/\/orlando-consulting.de\/index.php\/wp-json\/wp\/v2\/media?parent=509"}],"curies":[{"name":"wp","href":"https:\/\/api.w.org\/{rel}","templated":true}]}}