{"id":470,"date":"2025-06-23T13:27:29","date_gmt":"2025-06-23T13:27:29","guid":{"rendered":"https:\/\/orlando-consulting.de\/?page_id=470"},"modified":"2025-09-29T15:29:11","modified_gmt":"2025-09-29T15:29:11","slug":"testimonials","status":"publish","type":"page","link":"https:\/\/orlando-consulting.de\/index.php\/testimonials\/","title":{"rendered":"Testimonials"},"content":{"rendered":"\n<div class=\"wp-block-columns links-home customsection calibri_font is-layout-flex wp-container-core-columns-is-layout-28f84493 wp-block-columns-is-layout-flex\">\n<div class=\"wp-block-column is-layout-flow wp-block-column-is-layout-flow\" style=\"padding-top:1rem;padding-bottom:1rem;font-style:normal;font-weight:600;flex-basis:26.67%\">\n<p style=\"font-size:clamp(1.25rem, 1.25rem + ((1vw - 0.2rem) * 1.25), 2rem);font-style:normal;font-weight:600\">Testimonials<\/p>\n<\/div>\n\n\n\n<div class=\"wp-block-column is-layout-flow wp-block-column-is-layout-flow\" style=\"padding-top:23px;padding-bottom:23px;flex-basis:50%\">\n<p>\u201eEs war absolut faszinierend, eine so klare Erkl\u00e4rung f\u00fcr die vielen allt\u00e4glichen Erscheinungen im Betrieb zu erhalten, denen man dann oft gegen\u00fcberstand, mit denen man wenig oder nichts anfangen konnte, die man so aber nicht haben wollte und die oft unangenehme Probleme zur Folge hatten. Das waren z. B. unzufriedene Mitarbeiter, Mitarbeiter, die scheinbar wollen, aber nicht k\u00f6nnen, Mitarbeiter, die einschnappten, \u2026<\/p>\n\n\n\n<p>Nun habe ich ein Instrumentarium bekommen, das man anwenden kann und das mir gestattet, mit Mitarbeitern\/anderen zusammen tolle Entwicklungen in Gang zu bringen. Leistungen k\u00f6nnen objektiv beurteilt werden, Fehler tats\u00e4chlich gefunden, Fortschritte kontrolliert eingeleitet und Erfolge logischerweise etabliert werden.<\/p>\n\n\n\n<p>Das war ein Kurs f\u00fcrs notwendige Handwerkszeug, von dem man erst wei\u00df, dass es fehlt, wenn man es kennengelernt hat.\u201c<\/p>\n\n\n\n<p><em>H. S., Ulm<\/em><\/p>\n\n\n\n<div style=\"height:5px\" aria-hidden=\"true\" class=\"wp-block-spacer\"><\/div>\n\n\n\n<p>\u201eAbgesehen einmal davon, dass die Kommunikation zwischen den einzelnen Abteilungen, zwischen Mitarbeitern ganz unterschiedlicher Pers\u00f6nlichkeitsstruktur wesentlich verbessert wurde, also abgesehen von den an sich schon sehr wertvollen Ergebnissen, haben Sie es geschafft, uns alle zum organisierten Arbeiten und Denken zu bringen. Daf\u00fcr ein ganz gro\u00dfes Kompliment.\u201c<\/p>\n\n\n\n<p><em>M. K., Frankfurt<\/em><\/p>\n\n\n\n<div style=\"height:5px\" aria-hidden=\"true\" class=\"wp-block-spacer\"><\/div>\n\n\n\n<p>\u201eTrotz vorangegangener Versuche mit, unter dem selben Titel angebotenen Methoden oder Techniken, war es mir nie gelungen, die durchgreifende Ver\u00e4nderung der &#8218;Zeitsituation&#8216; f\u00fcr mich pers\u00f6nlich wie auch f\u00fcr den gesamten Betrieb zu bewirken. Durch die von Ihnen dargebotenen Grunds\u00e4tze und Probleml\u00f6sungen f\u00fcr richtiges Time-Management \u2013 die Auswirkungen gehen betr\u00e4chtlich \u00fcber diesen Begriff hinaus \u2013 hat sich nun die Situation grundlegend ge\u00e4ndert. Ich habe pl\u00f6tzlich ausreichend Zeit f\u00fcr meine wirklichen F\u00fchrungs- und Zukunftsplanungsaufgaben. Aber auch innerhalb des Betriebes beginnt alles reibungsloser zu laufen.\u201c<\/p>\n\n\n\n<p><em>C. Z., Wien<\/em><\/p>\n\n\n\n<div style=\"height:5px\" aria-hidden=\"true\" class=\"wp-block-spacer\"><\/div>\n\n\n\n<p>\u201eSie haben es perfekt verstanden, uns ein F\u00fchrungs-Know-how einfach und eindrucksvoll nahe zu bringen. Es ist einfach und klar, und ich habe mich gefragt, warum ich nicht schon l\u00e4ngst danach gehandelt habe. Es war sicherlich das effektivste Seminar, das ich besucht habe, und die Regeln, die Sie aufgestellt haben, werden mein berufliches und privates Leben bestimmt positiv beeinflussen. Herzlichen Dank.\u201c<\/p>\n\n\n\n<p><em>K. E., Luzern<\/em><\/p>\n\n\n\n<div style=\"height:5px\" aria-hidden=\"true\" class=\"wp-block-spacer\"><\/div>\n\n\n\n<p>\u201eDieses Seminar geh\u00f6rt zu den besten, die ich jemals besucht habe (und ich habe viele besucht). Es hilft mir, in einem Bereich St\u00e4rke zu entwickeln, die bisher nicht so ausgepr\u00e4gt war. Alle Ma\u00dfnahmen werden von mir beachtet und eingef\u00fchrt.\u201c<\/p>\n\n\n\n<p><em>D. L., M\u00fcnchen<\/em><\/p>\n\n\n\n<div style=\"height:5px\" aria-hidden=\"true\" class=\"wp-block-spacer\"><\/div>\n\n\n\n<p>\u201eIch brauche wirklich nicht viele Worte zu sagen, es war einfach aus jeder Sicht ein hundertprozentiges Erlebnis und ein Aufbauen von Sicherheit. Hier geht man aus dem Seminar mit sehr gutem Gef\u00fchl und Stolz, wieder ein St\u00fcck weiter zu sein.\u201c<\/p>\n\n\n\n<p><em>L. B., Z\u00fcrich<\/em><\/p>\n<\/div>\n\n\n\n<div class=\"wp-block-column is-layout-flow wp-container-core-column-is-layout-87941adc wp-block-column-is-layout-flow\" style=\"padding-top:1.3rem;padding-right:var(--wp--preset--spacing--30);padding-bottom:1.3rem;padding-left:var(--wp--preset--spacing--20);flex-basis:25%\">\n<p><\/p>\n<\/div>\n<\/div>\n\n\n\n<div style=\"height:100px\" aria-hidden=\"true\" class=\"wp-block-spacer\"><\/div>\n","protected":false},"excerpt":{"rendered":"<p>Testimonials \u201eEs war absolut faszinierend, eine so klare Erkl\u00e4rung f\u00fcr die vielen allt\u00e4glichen Erscheinungen im Betrieb zu erhalten, denen man dann oft gegen\u00fcberstand, mit denen man wenig oder nichts anfangen konnte, die man so aber nicht haben wollte und die oft unangenehme Probleme zur Folge hatten. Das waren z. B. unzufriedene Mitarbeiter, Mitarbeiter, die scheinbar [&hellip;]<\/p>\n","protected":false},"author":3,"featured_media":0,"parent":0,"menu_order":0,"comment_status":"closed","ping_status":"closed","template":"","meta":{"footnotes":""},"class_list":["post-470","page","type-page","status-publish","hentry"],"_links":{"self":[{"href":"https:\/\/orlando-consulting.de\/index.php\/wp-json\/wp\/v2\/pages\/470","targetHints":{"allow":["GET"]}}],"collection":[{"href":"https:\/\/orlando-consulting.de\/index.php\/wp-json\/wp\/v2\/pages"}],"about":[{"href":"https:\/\/orlando-consulting.de\/index.php\/wp-json\/wp\/v2\/types\/page"}],"author":[{"embeddable":true,"href":"https:\/\/orlando-consulting.de\/index.php\/wp-json\/wp\/v2\/users\/3"}],"replies":[{"embeddable":true,"href":"https:\/\/orlando-consulting.de\/index.php\/wp-json\/wp\/v2\/comments?post=470"}],"version-history":[{"count":12,"href":"https:\/\/orlando-consulting.de\/index.php\/wp-json\/wp\/v2\/pages\/470\/revisions"}],"predecessor-version":[{"id":658,"href":"https:\/\/orlando-consulting.de\/index.php\/wp-json\/wp\/v2\/pages\/470\/revisions\/658"}],"wp:attachment":[{"href":"https:\/\/orlando-consulting.de\/index.php\/wp-json\/wp\/v2\/media?parent=470"}],"curies":[{"name":"wp","href":"https:\/\/api.w.org\/{rel}","templated":true}]}}