{"id":22,"date":"2024-05-14T17:32:41","date_gmt":"2024-05-14T17:32:41","guid":{"rendered":"https:\/\/orlando-consulting.de\/?page_id=22"},"modified":"2025-11-21T06:26:41","modified_gmt":"2025-11-21T06:26:41","slug":"motivation","status":"publish","type":"page","link":"https:\/\/orlando-consulting.de\/index.php\/motivation\/","title":{"rendered":"Motivation"},"content":{"rendered":"\n<div class=\"wp-block-columns links-home customsection calibri_font is-layout-flex wp-container-core-columns-is-layout-28f84493 wp-block-columns-is-layout-flex\">\n<div class=\"wp-block-column is-layout-flow wp-container-core-column-is-layout-3d3ccf45 wp-block-column-is-layout-flow\" style=\"padding-top:var(--wp--preset--spacing--10);padding-bottom:var(--wp--preset--spacing--10);flex-basis:26.67%\">\n<p style=\"font-size:clamp(1.25rem, 1.25rem + ((1vw - 0.2rem) * 1.25), 2rem);font-style:normal;font-weight:600;line-height:1.2\">Motivation<\/p>\n\n\n\n<div style=\"height:40px\" aria-hidden=\"true\" class=\"wp-block-spacer\"><\/div>\n<\/div>\n\n\n\n<div class=\"wp-block-column is-layout-flow wp-block-column-is-layout-flow\" style=\"padding-top:23px;padding-bottom:23px;flex-basis:50%\">\n<p>Erfolgreiche Kooperationen gehen in die Binsen, als g\u00e4be es einen unsichtbaren W\u00fcrgegriff. Niemand will es \u2013 und doch passiert es gelegentlich.<\/p>\n\n\n\n<p>Also sollten F\u00fchrungskr\u00e4fte die Tools kennen, mit denen sie die Motivation f\u00f6rdern und Ablehnung und Konflikte minimieren k\u00f6nnen. Sie kommen um das Thema Motivation nicht herum.<\/p>\n\n\n\n<p>Dabei m\u00fcssen sie nicht Charismatiker von Geburt sein oder Begeisterung mit dem Zauberstab entfachen k\u00f6nnen, wenn der Motivation auf die Spr\u00fcnge geholfen werden soll.<\/p>\n\n\n\n<p>Der unermessliche Wert motivierter Mitarbeit zeigt sich wieder und wieder als der zentrale Schl\u00fcssel zu unternehmerischem Erfolg.<\/p>\n\n\n\n<p>&#8222;<strong>Motivation des Teams<\/strong>&#8222;<\/p>\n\n\n\n<p>Kontaktieren Sie uns und lassen Sie uns \u00fcber individuell zugeschnittene Vorgehensweisen zur Optimierung sprechen.<\/p>\n\n\n\n<p><\/p>\n\n\n\n<p><\/p>\n\n\n\n<p><\/p>\n<\/div>\n\n\n\n<div class=\"wp-block-column is-vertically-aligned-stretch is-layout-flow wp-container-core-column-is-layout-5d34ad53 wp-block-column-is-layout-flow\" style=\"padding-top:1.3rem;padding-right:var(--wp--preset--spacing--30);padding-bottom:1.3rem;padding-left:var(--wp--preset--spacing--20);flex-basis:25%\">\n<p><\/p>\n<\/div>\n<\/div>\n\n\n\n<p><\/p>\n\n\n\n<p><\/p>\n\n\n\n<p><\/p>\n","protected":false},"excerpt":{"rendered":"<p>Motivation Erfolgreiche Kooperationen gehen in die Binsen, als g\u00e4be es einen unsichtbaren W\u00fcrgegriff. Niemand will es \u2013 und doch passiert es gelegentlich. Also sollten F\u00fchrungskr\u00e4fte die Tools kennen, mit denen sie die Motivation f\u00f6rdern und Ablehnung und Konflikte minimieren k\u00f6nnen. Sie kommen um das Thema Motivation nicht herum. Dabei m\u00fcssen sie nicht Charismatiker von Geburt [&hellip;]<\/p>\n","protected":false},"author":1,"featured_media":101,"parent":0,"menu_order":0,"comment_status":"closed","ping_status":"closed","template":"","meta":{"footnotes":""},"class_list":["post-22","page","type-page","status-publish","has-post-thumbnail","hentry"],"_links":{"self":[{"href":"https:\/\/orlando-consulting.de\/index.php\/wp-json\/wp\/v2\/pages\/22","targetHints":{"allow":["GET"]}}],"collection":[{"href":"https:\/\/orlando-consulting.de\/index.php\/wp-json\/wp\/v2\/pages"}],"about":[{"href":"https:\/\/orlando-consulting.de\/index.php\/wp-json\/wp\/v2\/types\/page"}],"author":[{"embeddable":true,"href":"https:\/\/orlando-consulting.de\/index.php\/wp-json\/wp\/v2\/users\/1"}],"replies":[{"embeddable":true,"href":"https:\/\/orlando-consulting.de\/index.php\/wp-json\/wp\/v2\/comments?post=22"}],"version-history":[{"count":28,"href":"https:\/\/orlando-consulting.de\/index.php\/wp-json\/wp\/v2\/pages\/22\/revisions"}],"predecessor-version":[{"id":731,"href":"https:\/\/orlando-consulting.de\/index.php\/wp-json\/wp\/v2\/pages\/22\/revisions\/731"}],"wp:featuredmedia":[{"embeddable":true,"href":"https:\/\/orlando-consulting.de\/index.php\/wp-json\/wp\/v2\/media\/101"}],"wp:attachment":[{"href":"https:\/\/orlando-consulting.de\/index.php\/wp-json\/wp\/v2\/media?parent=22"}],"curies":[{"name":"wp","href":"https:\/\/api.w.org\/{rel}","templated":true}]}}